{"id":11324,"date":"2024-11-08T18:05:16","date_gmt":"2024-11-08T18:05:16","guid":{"rendered":"https:\/\/agremarketing.al\/\/?page_id=11324"},"modified":"2024-12-21T16:49:29","modified_gmt":"2024-12-21T16:49:29","slug":"pjese-elektronike","status":"publish","type":"page","link":"https:\/\/agremarketing.al\/en\/sherbimet\/pjese-elektronike\/","title":{"rendered":"Recycling of Electronic Parts"},"content":{"rendered":"<div data-elementor-type=\"wp-page\" data-elementor-id=\"11324\" class=\"elementor elementor-11324\">\n\t\t\t\t\t\t<section class=\"elementor-section elementor-top-section elementor-element elementor-element-19839d2 elementor-section-full_width elementor-section-height-min-height elementor-section-height-default elementor-section-items-middle\" data-id=\"19839d2\" data-element_type=\"section\" data-e-type=\"section\" data-settings=\"{&quot;background_background&quot;:&quot;classic&quot;}\">\n\t\t\t\t\t\t<div class=\"elementor-container elementor-column-gap-no\">\n\t\t\t\t\t<div class=\"elementor-column elementor-col-100 elementor-top-column elementor-element elementor-element-9fa3f9d\" data-id=\"9fa3f9d\" data-element_type=\"column\" data-e-type=\"column\">\n\t\t\t<div class=\"elementor-widget-wrap\">\n\t\t\t\t\t\t\t<\/div>\n\t\t<\/div>\n\t\t\t\t\t<\/div>\n\t\t<\/section>\n\t\t\t\t<section class=\"elementor-section elementor-top-section elementor-element elementor-element-ea96cfb elementor-section-full_width elementor-section-height-default elementor-section-height-default\" data-id=\"ea96cfb\" data-element_type=\"section\" data-e-type=\"section\">\n\t\t\t\t\t\t<div class=\"elementor-container elementor-column-gap-no\">\n\t\t\t\t\t<div class=\"elementor-column elementor-col-50 elementor-top-column elementor-element elementor-element-c0edd84\" data-id=\"c0edd84\" data-element_type=\"column\" data-e-type=\"column\" data-settings=\"{&quot;background_background&quot;:&quot;classic&quot;}\">\n\t\t\t<div class=\"elementor-widget-wrap elementor-element-populated\">\n\t\t\t\t\t\t<section class=\"elementor-section elementor-inner-section elementor-element elementor-element-a086bc3 elementor-section-full_width elementor-section-height-default elementor-section-height-default\" data-id=\"a086bc3\" data-element_type=\"section\" data-e-type=\"section\">\n\t\t\t\t\t\t<div class=\"elementor-container elementor-column-gap-no\">\n\t\t\t\t\t<div class=\"elementor-column elementor-col-100 elementor-inner-column elementor-element elementor-element-290f8c0\" data-id=\"290f8c0\" data-element_type=\"column\" data-e-type=\"column\">\n\t\t\t<div class=\"elementor-widget-wrap elementor-element-populated\">\n\t\t\t\t\t\t<div class=\"elementor-element elementor-element-4a6a229 elementor-widget elementor-widget-leroux_core_section_title\" data-id=\"4a6a229\" data-element_type=\"widget\" data-e-type=\"widget\" data-widget_type=\"leroux_core_section_title.default\">\n\t\t\t\t<div class=\"elementor-widget-container\">\n\t\t\t\t\t<div class=\"qodef-shortcode qodef-m  qodef-section-title qodef-alignment--left qodef-title-break--disabled\">\n\t\t<h2 class=\"qodef-m-title\" >\n\t\t\t\t\tRecycling of Electronic Parts<br \/>\t\t\t<\/h2>\n\t\t<p class=\"qodef-m-text\" >High Quality Processing for Maximum Recovery<\/p>\n<\/div>\n\t\t\t\t<\/div>\n\t\t\t\t<\/div>\n\t\t\t\t<div class=\"elementor-element elementor-element-1276640 elementor-widget elementor-widget-text-editor\" data-id=\"1276640\" data-element_type=\"widget\" data-e-type=\"widget\" data-widget_type=\"text-editor.default\">\n\t\t\t\t<div class=\"elementor-widget-container\">\n\t\t\t\t\t\t\t\t\t<p>Electronic recycling is a process that involves the collection and processing of old electronic devices such as computers, phones, and other devices that have reached the end of their life cycle. AG Remarketing, based on sustainability standards, processes these parts to recover valuable materials, such as rare and precious metals, which can be reused in various industries. This process begins with the classification of devices to identify recoverable materials and separate them according to their composition and value.<\/p>\t\t\t\t\t\t\t\t<\/div>\n\t\t\t\t<\/div>\n\t\t\t\t\t<\/div>\n\t\t<\/div>\n\t\t\t\t\t<\/div>\n\t\t<\/section>\n\t\t\t\t<div class=\"elementor-element elementor-element-bca3cc7 elementor-widget__width-auto elementor-widget elementor-widget-leroux_core_single_image\" data-id=\"bca3cc7\" data-element_type=\"widget\" data-e-type=\"widget\" data-widget_type=\"leroux_core_single_image.default\">\n\t\t\t\t<div class=\"elementor-widget-container\">\n\t\t\t\t\t<div class=\"qodef-shortcode qodef-m  qodef-single-image qodef-layout--default\">\n\t\t\t<div class=\"qodef-m-image\">\n\t\t\t\t\t\t\t\t<img fetchpriority=\"high\" decoding=\"async\" width=\"1920\" height=\"1280\" src=\"https:\/\/agremarketing.al\/wp-content\/uploads\/2024\/11\/1-3.png\" class=\"attachment-full size-full\" alt=\"\" srcset=\"https:\/\/agremarketing.al\/wp-content\/uploads\/2024\/11\/1-3.png 1920w, https:\/\/agremarketing.al\/wp-content\/uploads\/2024\/11\/1-3-300x200.png 300w, https:\/\/agremarketing.al\/wp-content\/uploads\/2024\/11\/1-3-1024x683.png 1024w, https:\/\/agremarketing.al\/wp-content\/uploads\/2024\/11\/1-3-768x512.png 768w, https:\/\/agremarketing.al\/wp-content\/uploads\/2024\/11\/1-3-1536x1024.png 1536w, https:\/\/agremarketing.al\/wp-content\/uploads\/2024\/11\/1-3-18x12.png 18w\" sizes=\"(max-width: 1920px) 100vw, 1920px\" \/>\t\t\t\t\t\t\t<\/div>\n\t<\/div>\n\t\t\t\t<\/div>\n\t\t\t\t<\/div>\n\t\t\t\t\t<\/div>\n\t\t<\/div>\n\t\t\t\t<div class=\"elementor-column elementor-col-50 elementor-top-column elementor-element elementor-element-6875b00\" data-id=\"6875b00\" data-element_type=\"column\" data-e-type=\"column\">\n\t\t\t<div class=\"elementor-widget-wrap elementor-element-populated\">\n\t\t\t\t\t\t<div class=\"elementor-element elementor-element-b88e387 elementor-widget__width-auto elementor-widget elementor-widget-leroux_core_single_image\" data-id=\"b88e387\" data-element_type=\"widget\" data-e-type=\"widget\" data-widget_type=\"leroux_core_single_image.default\">\n\t\t\t\t<div class=\"elementor-widget-container\">\n\t\t\t\t\t<div class=\"qodef-shortcode qodef-m  qodef-single-image qodef-layout--default\">\n\t\t\t<div class=\"qodef-m-image\">\n\t\t\t\t\t\t\t\t<img decoding=\"async\" width=\"1920\" height=\"1280\" src=\"https:\/\/agremarketing.al\/wp-content\/uploads\/2024\/11\/2-3.png\" class=\"attachment-full size-full\" alt=\"\" srcset=\"https:\/\/agremarketing.al\/wp-content\/uploads\/2024\/11\/2-3.png 1920w, https:\/\/agremarketing.al\/wp-content\/uploads\/2024\/11\/2-3-300x200.png 300w, https:\/\/agremarketing.al\/wp-content\/uploads\/2024\/11\/2-3-1024x683.png 1024w, https:\/\/agremarketing.al\/wp-content\/uploads\/2024\/11\/2-3-768x512.png 768w, https:\/\/agremarketing.al\/wp-content\/uploads\/2024\/11\/2-3-1536x1024.png 1536w, https:\/\/agremarketing.al\/wp-content\/uploads\/2024\/11\/2-3-18x12.png 18w\" sizes=\"(max-width: 1920px) 100vw, 1920px\" \/>\t\t\t\t\t\t\t<\/div>\n\t<\/div>\n\t\t\t\t<\/div>\n\t\t\t\t<\/div>\n\t\t\t\t<div class=\"elementor-element elementor-element-feaf2c6 elementor-widget__width-initial elementor-widget elementor-widget-text-editor\" data-id=\"feaf2c6\" data-element_type=\"widget\" data-e-type=\"widget\" data-widget_type=\"text-editor.default\">\n\t\t\t\t<div class=\"elementor-widget-container\">\n\t\t\t\t\t\t\t\t\t<p>Once the materials are selected, they go through a sophisticated process to extract the valuable ingredients. Electronic devices contain metals such as gold, silver, and copper, which are processed so that they are ready for further use. The process requires special dedication and care, avoiding the release of potential pollutants and respecting the best practices for safety and environmental responsibility.<\/p>\t\t\t\t\t\t\t\t<\/div>\n\t\t\t\t<\/div>\n\t\t\t\t\t<\/div>\n\t\t<\/div>\n\t\t\t\t\t<\/div>\n\t\t<\/section>\n\t\t\t\t<section class=\"elementor-section elementor-top-section elementor-element elementor-element-a40f8b6 elementor-section-full_width qodef-elementor-content-grid qodef-extended-grid qodef-extended-grid--right qodef-extended-grid-disabled--1024 elementor-section-height-default elementor-section-height-default\" data-id=\"a40f8b6\" data-element_type=\"section\" data-e-type=\"section\" data-settings=\"{&quot;background_background&quot;:&quot;classic&quot;}\">\n\t\t\t\t\t\t<div class=\"elementor-container elementor-column-gap-no\">\n\t\t\t\t\t<div class=\"elementor-column elementor-col-50 elementor-top-column elementor-element elementor-element-7154113\" data-id=\"7154113\" data-element_type=\"column\" data-e-type=\"column\">\n\t\t\t<div class=\"elementor-widget-wrap elementor-element-populated\">\n\t\t\t\t\t\t<div class=\"elementor-element elementor-element-a8cbc8f elementor-widget elementor-widget-leroux_core_section_title\" data-id=\"a8cbc8f\" data-element_type=\"widget\" data-e-type=\"widget\" data-widget_type=\"leroux_core_section_title.default\">\n\t\t\t\t<div class=\"elementor-widget-container\">\n\t\t\t\t\t<div class=\"qodef-shortcode qodef-m  qodef-section-title qodef-alignment--left qodef-title-break--disabled\">\n\t\t<h2 class=\"qodef-m-title translation-block\" >Standard in <span class=\"qodef-special-style\">Quality<\/span><br> and <span class=\"qodef-special-style\">Security<\/span><\/h2>\n\t<\/div>\n\t\t\t\t<\/div>\n\t\t\t\t<\/div>\n\t\t\t\t<div class=\"elementor-element elementor-element-c97034d elementor-widget__width-initial elementor-widget elementor-widget-text-editor\" data-id=\"c97034d\" data-element_type=\"widget\" data-e-type=\"widget\" data-widget_type=\"text-editor.default\">\n\t\t\t\t<div class=\"elementor-widget-container\">\n\t\t\t\t\t\t\t\t\t<p>At every step of the electronics recycling process, AG Remarketing is committed to minimizing environmental impact and ensuring that no part goes to waste. By embracing a sustainable approach and investing in green technologies, we turn electronic parts into valuable resources and contribute to preserving natural resources for future generations.<\/p>\t\t\t\t\t\t\t\t<\/div>\n\t\t\t\t<\/div>\n\t\t\t\t\t<\/div>\n\t\t<\/div>\n\t\t\t\t<div class=\"elementor-column elementor-col-50 elementor-top-column elementor-element elementor-element-fd30aba\" data-id=\"fd30aba\" data-element_type=\"column\" data-e-type=\"column\">\n\t\t\t<div class=\"elementor-widget-wrap elementor-element-populated\">\n\t\t\t\t\t\t<div class=\"elementor-element elementor-element-3041dd7 elementor-widget__width-auto elementor-widget elementor-widget-leroux_core_single_image\" data-id=\"3041dd7\" data-element_type=\"widget\" data-e-type=\"widget\" data-widget_type=\"leroux_core_single_image.default\">\n\t\t\t\t<div class=\"elementor-widget-container\">\n\t\t\t\t\t<div class=\"qodef-shortcode qodef-m  qodef-single-image qodef-layout--default\">\n\t\t\t<div class=\"qodef-m-image\">\n\t\t\t\t\t\t\t\t<img decoding=\"async\" width=\"1920\" height=\"1280\" src=\"https:\/\/agremarketing.al\/wp-content\/uploads\/2024\/11\/3-3.png\" class=\"attachment-full size-full\" alt=\"\" srcset=\"https:\/\/agremarketing.al\/wp-content\/uploads\/2024\/11\/3-3.png 1920w, https:\/\/agremarketing.al\/wp-content\/uploads\/2024\/11\/3-3-300x200.png 300w, https:\/\/agremarketing.al\/wp-content\/uploads\/2024\/11\/3-3-1024x683.png 1024w, https:\/\/agremarketing.al\/wp-content\/uploads\/2024\/11\/3-3-768x512.png 768w, https:\/\/agremarketing.al\/wp-content\/uploads\/2024\/11\/3-3-1536x1024.png 1536w, https:\/\/agremarketing.al\/wp-content\/uploads\/2024\/11\/3-3-18x12.png 18w\" sizes=\"(max-width: 1920px) 100vw, 1920px\" \/>\t\t\t\t\t\t\t<\/div>\n\t<\/div>\n\t\t\t\t<\/div>\n\t\t\t\t<\/div>\n\t\t\t\t\t<\/div>\n\t\t<\/div>\n\t\t\t\t\t<\/div>\n\t\t<\/section>\n\t\t\t\t<\/div>","protected":false},"excerpt":{"rendered":"<p>Riciklimi i Pjes\u00ebve Elektronike P\u00ebrpunim i Lart\u00eb Cil\u00ebsie p\u00ebr Rikuperim Maksimal Riciklimi i pjes\u00ebve elektronike \u00ebsht\u00eb nj\u00eb proces q\u00eb p\u00ebrfshin mbledhjen dhe p\u00ebrpunimin e pajisjeve elektronike t\u00eb vjetra si kompjuter\u00eb, telefona, dhe pajisje t\u00eb tjera q\u00eb kan\u00eb p\u00ebrmbushur ciklin e tyre t\u00eb jet\u00ebs. AG Remarketing, n\u00eb baz\u00eb t\u00eb standardeve t\u00eb q\u00ebndrueshm\u00ebris\u00eb, p\u00ebrpunon k\u00ebto pjes\u00eb p\u00ebr [&hellip;]<\/p>\n","protected":false},"author":1,"featured_media":0,"parent":6474,"menu_order":0,"comment_status":"closed","ping_status":"closed","template":"page-full-width.php","meta":{"footnotes":""},"class_list":["post-11324","page","type-page","status-publish","hentry"],"yoast_head":"<!-- This site is optimized with the Yoast SEO plugin v27.3 - https:\/\/yoast.com\/product\/yoast-seo-wordpress\/ -->\n<title>Riciklimi i Pjes\u00ebve Elektronike - AG Remarketing<\/title>\n<meta name=\"robots\" content=\"index, follow, max-snippet:-1, max-image-preview:large, max-video-preview:-1\" \/>\n<link rel=\"canonical\" href=\"https:\/\/agremarketing.al\/en\/sherbimet\/pjese-elektronike\/\" \/>\n<meta property=\"og:locale\" content=\"en_US\" \/>\n<meta property=\"og:type\" content=\"article\" \/>\n<meta property=\"og:title\" content=\"Riciklimi i Pjes\u00ebve Elektronike - AG Remarketing\" \/>\n<meta property=\"og:description\" content=\"Riciklimi i Pjes\u00ebve Elektronike P\u00ebrpunim i Lart\u00eb Cil\u00ebsie p\u00ebr Rikuperim Maksimal Riciklimi i pjes\u00ebve elektronike \u00ebsht\u00eb nj\u00eb proces q\u00eb p\u00ebrfshin mbledhjen dhe p\u00ebrpunimin e pajisjeve elektronike t\u00eb vjetra si kompjuter\u00eb, telefona, dhe pajisje t\u00eb tjera q\u00eb kan\u00eb p\u00ebrmbushur ciklin e tyre t\u00eb jet\u00ebs. AG Remarketing, n\u00eb baz\u00eb t\u00eb standardeve t\u00eb q\u00ebndrueshm\u00ebris\u00eb, p\u00ebrpunon k\u00ebto pjes\u00eb p\u00ebr [&hellip;]\" \/>\n<meta property=\"og:url\" content=\"https:\/\/agremarketing.al\/en\/sherbimet\/pjese-elektronike\/\" \/>\n<meta property=\"og:site_name\" content=\"AG Remarketing\" \/>\n<meta property=\"article:modified_time\" content=\"2024-12-21T16:49:29+00:00\" \/>\n<meta property=\"og:image\" content=\"https:\/\/agremarketing.al\/wp-content\/uploads\/2024\/11\/1-3.png\" \/>\n<meta name=\"twitter:card\" content=\"summary_large_image\" \/>\n<meta name=\"twitter:label1\" content=\"Est. reading time\" \/>\n\t<meta name=\"twitter:data1\" content=\"1 minute\" \/>\n<script type=\"application\/ld+json\" class=\"yoast-schema-graph\">{\"@context\":\"https:\\\/\\\/schema.org\",\"@graph\":[{\"@type\":\"WebPage\",\"@id\":\"https:\\\/\\\/agremarketing.al\\\/sherbimet\\\/pjese-elektronike\\\/\",\"url\":\"https:\\\/\\\/agremarketing.al\\\/sherbimet\\\/pjese-elektronike\\\/\",\"name\":\"Riciklimi i Pjes\u00ebve Elektronike - AG Remarketing\",\"isPartOf\":{\"@id\":\"https:\\\/\\\/agremarketing.al\\\/#website\"},\"primaryImageOfPage\":{\"@id\":\"https:\\\/\\\/agremarketing.al\\\/sherbimet\\\/pjese-elektronike\\\/#primaryimage\"},\"image\":{\"@id\":\"https:\\\/\\\/agremarketing.al\\\/sherbimet\\\/pjese-elektronike\\\/#primaryimage\"},\"thumbnailUrl\":\"https:\\\/\\\/agremarketing.al\\\/wp-content\\\/uploads\\\/2024\\\/11\\\/1-3.png\",\"datePublished\":\"2024-11-08T18:05:16+00:00\",\"dateModified\":\"2024-12-21T16:49:29+00:00\",\"breadcrumb\":{\"@id\":\"https:\\\/\\\/agremarketing.al\\\/sherbimet\\\/pjese-elektronike\\\/#breadcrumb\"},\"inLanguage\":\"en-US\",\"potentialAction\":[{\"@type\":\"ReadAction\",\"target\":[\"https:\\\/\\\/agremarketing.al\\\/sherbimet\\\/pjese-elektronike\\\/\"]}]},{\"@type\":\"ImageObject\",\"inLanguage\":\"en-US\",\"@id\":\"https:\\\/\\\/agremarketing.al\\\/sherbimet\\\/pjese-elektronike\\\/#primaryimage\",\"url\":\"https:\\\/\\\/agremarketing.al\\\/wp-content\\\/uploads\\\/2024\\\/11\\\/1-3.png\",\"contentUrl\":\"https:\\\/\\\/agremarketing.al\\\/wp-content\\\/uploads\\\/2024\\\/11\\\/1-3.png\"},{\"@type\":\"BreadcrumbList\",\"@id\":\"https:\\\/\\\/agremarketing.al\\\/sherbimet\\\/pjese-elektronike\\\/#breadcrumb\",\"itemListElement\":[{\"@type\":\"ListItem\",\"position\":1,\"name\":\"Home\",\"item\":\"https:\\\/\\\/agremarketing.al\\\/\"},{\"@type\":\"ListItem\",\"position\":2,\"name\":\"Sh\u00ebrbimet Tona\",\"item\":\"https:\\\/\\\/agremarketing.al\\\/sherbimet\\\/\"},{\"@type\":\"ListItem\",\"position\":3,\"name\":\"Riciklimi i Pjes\u00ebve Elektronike\"}]},{\"@type\":\"WebSite\",\"@id\":\"https:\\\/\\\/agremarketing.al\\\/#website\",\"url\":\"https:\\\/\\\/agremarketing.al\\\/\",\"name\":\"AG Remarketing\",\"description\":\"Planifikim Afatgjat\u00eb p\u00ebr nj\u00eb Mjedis t\u00eb Past\u00ebr\",\"publisher\":{\"@id\":\"https:\\\/\\\/agremarketing.al\\\/#organization\"},\"potentialAction\":[{\"@type\":\"SearchAction\",\"target\":{\"@type\":\"EntryPoint\",\"urlTemplate\":\"https:\\\/\\\/agremarketing.al\\\/?s={search_term_string}\"},\"query-input\":{\"@type\":\"PropertyValueSpecification\",\"valueRequired\":true,\"valueName\":\"search_term_string\"}}],\"inLanguage\":\"en-US\"},{\"@type\":\"Organization\",\"@id\":\"https:\\\/\\\/agremarketing.al\\\/#organization\",\"name\":\"AG Remarketing\",\"url\":\"https:\\\/\\\/agremarketing.al\\\/\",\"logo\":{\"@type\":\"ImageObject\",\"inLanguage\":\"en-US\",\"@id\":\"https:\\\/\\\/agremarketing.al\\\/#\\\/schema\\\/logo\\\/image\\\/\",\"url\":\"https:\\\/\\\/agremarketing.al\\\/wp-content\\\/uploads\\\/2024\\\/12\\\/AG-Recycling-New.png\",\"contentUrl\":\"https:\\\/\\\/agremarketing.al\\\/wp-content\\\/uploads\\\/2024\\\/12\\\/AG-Recycling-New.png\",\"width\":1000,\"height\":300,\"caption\":\"AG Remarketing\"},\"image\":{\"@id\":\"https:\\\/\\\/agremarketing.al\\\/#\\\/schema\\\/logo\\\/image\\\/\"}}]}<\/script>\n<!-- \/ Yoast SEO plugin. -->","yoast_head_json":{"title":"Riciklimi i Pjes\u00ebve Elektronike - AG Remarketing","robots":{"index":"index","follow":"follow","max-snippet":"max-snippet:-1","max-image-preview":"max-image-preview:large","max-video-preview":"max-video-preview:-1"},"canonical":"https:\/\/agremarketing.al\/en\/sherbimet\/pjese-elektronike\/","og_locale":"en_US","og_type":"article","og_title":"Riciklimi i Pjes\u00ebve Elektronike - AG Remarketing","og_description":"Riciklimi i Pjes\u00ebve Elektronike P\u00ebrpunim i Lart\u00eb Cil\u00ebsie p\u00ebr Rikuperim Maksimal Riciklimi i pjes\u00ebve elektronike \u00ebsht\u00eb nj\u00eb proces q\u00eb p\u00ebrfshin mbledhjen dhe p\u00ebrpunimin e pajisjeve elektronike t\u00eb vjetra si kompjuter\u00eb, telefona, dhe pajisje t\u00eb tjera q\u00eb kan\u00eb p\u00ebrmbushur ciklin e tyre t\u00eb jet\u00ebs. AG Remarketing, n\u00eb baz\u00eb t\u00eb standardeve t\u00eb q\u00ebndrueshm\u00ebris\u00eb, p\u00ebrpunon k\u00ebto pjes\u00eb p\u00ebr [&hellip;]","og_url":"https:\/\/agremarketing.al\/en\/sherbimet\/pjese-elektronike\/","og_site_name":"AG Remarketing","article_modified_time":"2024-12-21T16:49:29+00:00","og_image":[{"url":"https:\/\/agremarketing.al\/wp-content\/uploads\/2024\/11\/1-3.png","type":"","width":"","height":""}],"twitter_card":"summary_large_image","twitter_misc":{"Est. reading time":"1 minute"},"schema":{"@context":"https:\/\/schema.org","@graph":[{"@type":"WebPage","@id":"https:\/\/agremarketing.al\/sherbimet\/pjese-elektronike\/","url":"https:\/\/agremarketing.al\/sherbimet\/pjese-elektronike\/","name":"Riciklimi i Pjes\u00ebve Elektronike - AG Remarketing","isPartOf":{"@id":"https:\/\/agremarketing.al\/#website"},"primaryImageOfPage":{"@id":"https:\/\/agremarketing.al\/sherbimet\/pjese-elektronike\/#primaryimage"},"image":{"@id":"https:\/\/agremarketing.al\/sherbimet\/pjese-elektronike\/#primaryimage"},"thumbnailUrl":"https:\/\/agremarketing.al\/wp-content\/uploads\/2024\/11\/1-3.png","datePublished":"2024-11-08T18:05:16+00:00","dateModified":"2024-12-21T16:49:29+00:00","breadcrumb":{"@id":"https:\/\/agremarketing.al\/sherbimet\/pjese-elektronike\/#breadcrumb"},"inLanguage":"en-US","potentialAction":[{"@type":"ReadAction","target":["https:\/\/agremarketing.al\/sherbimet\/pjese-elektronike\/"]}]},{"@type":"ImageObject","inLanguage":"en-US","@id":"https:\/\/agremarketing.al\/sherbimet\/pjese-elektronike\/#primaryimage","url":"https:\/\/agremarketing.al\/wp-content\/uploads\/2024\/11\/1-3.png","contentUrl":"https:\/\/agremarketing.al\/wp-content\/uploads\/2024\/11\/1-3.png"},{"@type":"BreadcrumbList","@id":"https:\/\/agremarketing.al\/sherbimet\/pjese-elektronike\/#breadcrumb","itemListElement":[{"@type":"ListItem","position":1,"name":"Home","item":"https:\/\/agremarketing.al\/"},{"@type":"ListItem","position":2,"name":"Sh\u00ebrbimet Tona","item":"https:\/\/agremarketing.al\/sherbimet\/"},{"@type":"ListItem","position":3,"name":"Riciklimi i Pjes\u00ebve Elektronike"}]},{"@type":"WebSite","@id":"https:\/\/agremarketing.al\/#website","url":"https:\/\/agremarketing.al\/","name":"AG Remarketing","description":"Long Term Planning for a Clean Environment","publisher":{"@id":"https:\/\/agremarketing.al\/#organization"},"potentialAction":[{"@type":"SearchAction","target":{"@type":"EntryPoint","urlTemplate":"https:\/\/agremarketing.al\/?s={search_term_string}"},"query-input":{"@type":"PropertyValueSpecification","valueRequired":true,"valueName":"search_term_string"}}],"inLanguage":"en-US"},{"@type":"Organization","@id":"https:\/\/agremarketing.al\/#organization","name":"AG Remarketing","url":"https:\/\/agremarketing.al\/","logo":{"@type":"ImageObject","inLanguage":"en-US","@id":"https:\/\/agremarketing.al\/#\/schema\/logo\/image\/","url":"https:\/\/agremarketing.al\/wp-content\/uploads\/2024\/12\/AG-Recycling-New.png","contentUrl":"https:\/\/agremarketing.al\/wp-content\/uploads\/2024\/12\/AG-Recycling-New.png","width":1000,"height":300,"caption":"AG Remarketing"},"image":{"@id":"https:\/\/agremarketing.al\/#\/schema\/logo\/image\/"}}]}},"_links":{"self":[{"href":"https:\/\/agremarketing.al\/en\/wp-json\/wp\/v2\/pages\/11324","targetHints":{"allow":["GET"]}}],"collection":[{"href":"https:\/\/agremarketing.al\/en\/wp-json\/wp\/v2\/pages"}],"about":[{"href":"https:\/\/agremarketing.al\/en\/wp-json\/wp\/v2\/types\/page"}],"author":[{"embeddable":true,"href":"https:\/\/agremarketing.al\/en\/wp-json\/wp\/v2\/users\/1"}],"replies":[{"embeddable":true,"href":"https:\/\/agremarketing.al\/en\/wp-json\/wp\/v2\/comments?post=11324"}],"version-history":[{"count":10,"href":"https:\/\/agremarketing.al\/en\/wp-json\/wp\/v2\/pages\/11324\/revisions"}],"predecessor-version":[{"id":11507,"href":"https:\/\/agremarketing.al\/en\/wp-json\/wp\/v2\/pages\/11324\/revisions\/11507"}],"up":[{"embeddable":true,"href":"https:\/\/agremarketing.al\/en\/wp-json\/wp\/v2\/pages\/6474"}],"wp:attachment":[{"href":"https:\/\/agremarketing.al\/en\/wp-json\/wp\/v2\/media?parent=11324"}],"curies":[{"name":"wp","href":"https:\/\/api.w.org\/{rel}","templated":true}]}}