{"id":6873,"date":"2023-02-10T14:44:27","date_gmt":"2023-02-10T14:44:27","guid":{"rendered":"https:\/\/leroux.qodeinteractive.com\/?page_id=6873"},"modified":"2024-12-21T17:00:43","modified_gmt":"2024-12-21T17:00:43","slug":"kontakti","status":"publish","type":"page","link":"https:\/\/agremarketing.al\/en\/kontakti\/","title":{"rendered":"Contact"},"content":{"rendered":"\t\t<div data-elementor-type=\"wp-page\" data-elementor-id=\"6873\" class=\"elementor elementor-6873\">\n\t\t\t\t\t\t<section class=\"elementor-section elementor-top-section elementor-element elementor-element-d9f3285 elementor-section-full_width elementor-section-height-default elementor-section-height-default\" data-id=\"d9f3285\" data-element_type=\"section\" data-e-type=\"section\">\n\t\t\t\t\t\t<div class=\"elementor-container elementor-column-gap-no\">\n\t\t\t\t\t<div class=\"elementor-column elementor-col-100 elementor-top-column elementor-element elementor-element-f597935\" data-id=\"f597935\" data-element_type=\"column\" data-e-type=\"column\">\n\t\t\t<div class=\"elementor-widget-wrap elementor-element-populated\">\n\t\t\t\t\t\t<div class=\"elementor-element elementor-element-af2ffc0 elementor-widget elementor-widget-leroux_core_google_map\" data-id=\"af2ffc0\" data-element_type=\"widget\" data-e-type=\"widget\" data-widget_type=\"leroux_core_google_map.default\">\n\t\t\t\t<div class=\"elementor-widget-container\">\n\t\t\t\t\t<div class=\"qodef-shortcode qodef-m  qodef-google-map\">\n\t<div class=\"qodef-m-map\" id=\"qodef-map-id--645\" data-addresses='[\"I.B Recycling, Bisht Kamez, Albania\"]' data-pin=https:\/\/agremarketing.al\/wp-content\/uploads\/2023\/05\/pin.png data-unique-id=645 data-height=685><\/div>\n<\/div>\n\t\t\t\t<\/div>\n\t\t\t\t<\/div>\n\t\t\t\t\t<\/div>\n\t\t<\/div>\n\t\t\t\t\t<\/div>\n\t\t<\/section>\n\t\t\t\t<section class=\"elementor-section elementor-top-section elementor-element elementor-element-09974a5 elementor-section-full_width elementor-section-height-default elementor-section-height-default\" data-id=\"09974a5\" data-element_type=\"section\" data-e-type=\"section\">\n\t\t\t\t\t\t<div class=\"elementor-container elementor-column-gap-no\">\n\t\t\t\t\t<div class=\"elementor-column elementor-col-100 elementor-top-column elementor-element elementor-element-265bc9d\" data-id=\"265bc9d\" data-element_type=\"column\" data-e-type=\"column\">\n\t\t\t<div class=\"elementor-widget-wrap elementor-element-populated\">\n\t\t\t\t\t\t<div class=\"elementor-element elementor-element-e886e7b elementor-widget elementor-widget-leroux_core_section_title\" data-id=\"e886e7b\" data-element_type=\"widget\" data-e-type=\"widget\" data-widget_type=\"leroux_core_section_title.default\">\n\t\t\t\t<div class=\"elementor-widget-container\">\n\t\t\t\t\t<div class=\"qodef-shortcode qodef-m  qodef-section-title qodef-alignment--left \">\n\t\t<h1 class=\"qodef-m-title\" >\n\t\t\t\t\tNa Kontaktoni\t\t\t<\/h1>\n\t<\/div>\n\t\t\t\t<\/div>\n\t\t\t\t<\/div>\n\t\t\t\t<div class=\"elementor-element elementor-element-9408176 elementor-widget elementor-widget-text-editor\" data-id=\"9408176\" data-element_type=\"widget\" data-e-type=\"widget\" data-widget_type=\"text-editor.default\">\n\t\t\t\t<div class=\"elementor-widget-container\">\n\t\t\t\t\t\t\t\t\t<p>AG Remarketing \u00ebsht\u00eb k\u00ebtu p\u00ebr t\u00eb ndihmuar me \u00e7do pyetje q\u00eb keni n\u00eb lidhje me riciklimin e pjes\u00ebve elektronike dhe katalit\u00ebve. Ju mir\u00ebpresim t\u00eb na kontaktoni p\u00ebr informacione t\u00eb m\u00ebtejshme apo p\u00ebr t\u00eb diskutuar nevojat tuaja.<\/p>\t\t\t\t\t\t\t\t<\/div>\n\t\t\t\t<\/div>\n\t\t\t\t<section class=\"elementor-section elementor-inner-section elementor-element elementor-element-8032789 elementor-section-full_width elementor-section-height-default elementor-section-height-default\" data-id=\"8032789\" data-element_type=\"section\" data-e-type=\"section\">\n\t\t\t\t\t\t<div class=\"elementor-container elementor-column-gap-no\">\n\t\t\t\t\t<div class=\"elementor-column elementor-col-100 elementor-inner-column elementor-element elementor-element-5d723c0\" data-id=\"5d723c0\" data-element_type=\"column\" data-e-type=\"column\">\n\t\t\t<div class=\"elementor-widget-wrap elementor-element-populated\">\n\t\t\t\t\t\t<div class=\"elementor-element elementor-element-d182a59 elementor-widget elementor-widget-leroux_core_section_title\" data-id=\"d182a59\" data-element_type=\"widget\" data-e-type=\"widget\" data-widget_type=\"leroux_core_section_title.default\">\n\t\t\t\t<div class=\"elementor-widget-container\">\n\t\t\t\t\t<div class=\"qodef-shortcode qodef-m  qodef-section-title qodef-alignment--left \">\n\t\t<h4 class=\"qodef-m-title\" >\n\t\t\t\t\tDurr\u00ebs\t\t\t<\/h4>\n\t<\/div>\n\t\t\t\t<\/div>\n\t\t\t\t<\/div>\n\t\t\t\t<div class=\"elementor-element elementor-element-d6c5c8b elementor-widget elementor-widget-text-editor\" data-id=\"d6c5c8b\" data-element_type=\"widget\" data-e-type=\"widget\" data-widget_type=\"text-editor.default\">\n\t\t\t\t<div class=\"elementor-widget-container\">\n\t\t\t\t\t\t\t\t\t<p><a href=\"https:\/\/maps.app.goo.gl\/AhCxmNrdS4s87Wyx6\">Rruga Fllake, Durr\u00ebs, Shqip\u00ebri<\/a><\/p>\t\t\t\t\t\t\t\t<\/div>\n\t\t\t\t<\/div>\n\t\t\t\t<div class=\"elementor-element elementor-element-7de042f elementor-widget elementor-widget-text-editor\" data-id=\"7de042f\" data-element_type=\"widget\" data-e-type=\"widget\" data-widget_type=\"text-editor.default\">\n\t\t\t\t<div class=\"elementor-widget-container\">\n\t\t\t\t\t\t\t\t\t<p><a href=\"tel:+35552902060\">+355 52 902 060<\/a><\/p>\t\t\t\t\t\t\t\t<\/div>\n\t\t\t\t<\/div>\n\t\t\t\t<div class=\"elementor-element elementor-element-63841f9 elementor-widget elementor-widget-text-editor\" data-id=\"63841f9\" data-element_type=\"widget\" data-e-type=\"widget\" data-widget_type=\"text-editor.default\">\n\t\t\t\t<div class=\"elementor-widget-container\">\n\t\t\t\t\t\t\t\t\t<p><a href=\"mailto:info@agremarketing.al\">info@agremarketing.al<\/a><\/p>\t\t\t\t\t\t\t\t<\/div>\n\t\t\t\t<\/div>\n\t\t\t\t\t<\/div>\n\t\t<\/div>\n\t\t\t\t\t<\/div>\n\t\t<\/section>\n\t\t\t\t\t<\/div>\n\t\t<\/div>\n\t\t\t\t\t<\/div>\n\t\t<\/section>\n\t\t\t\t<\/div>\n\t\t","protected":false},"excerpt":{"rendered":"<p>Na Kontaktoni AG Remarketing \u00ebsht\u00eb k\u00ebtu p\u00ebr t\u00eb ndihmuar me \u00e7do pyetje q\u00eb keni n\u00eb lidhje me riciklimin e pjes\u00ebve elektronike dhe katalit\u00ebve. Ju mir\u00ebpresim t\u00eb na kontaktoni p\u00ebr informacione t\u00eb m\u00ebtejshme apo p\u00ebr t\u00eb diskutuar nevojat tuaja. Durr\u00ebs Rruga Fllake, Durr\u00ebs, Shqip\u00ebri +355 52 902 060 info@agremarketing.al<\/p>","protected":false},"author":1,"featured_media":0,"parent":0,"menu_order":0,"comment_status":"closed","ping_status":"closed","template":"page-full-width.php","meta":{"footnotes":""},"class_list":["post-6873","page","type-page","status-publish","hentry"],"yoast_head":"<!-- This site is optimized with the Yoast SEO plugin v27.3 - https:\/\/yoast.com\/product\/yoast-seo-wordpress\/ -->\n<title>Kontakti - AG Remarketing<\/title>\n<meta name=\"robots\" content=\"index, follow, max-snippet:-1, max-image-preview:large, max-video-preview:-1\" \/>\n<link rel=\"canonical\" href=\"https:\/\/agremarketing.al\/en\/kontakti\/\" \/>\n<meta property=\"og:locale\" content=\"en_US\" \/>\n<meta property=\"og:type\" content=\"article\" \/>\n<meta property=\"og:title\" content=\"Kontakti - AG Remarketing\" \/>\n<meta property=\"og:description\" content=\"Na Kontaktoni AG Remarketing \u00ebsht\u00eb k\u00ebtu p\u00ebr t\u00eb ndihmuar me \u00e7do pyetje q\u00eb keni n\u00eb lidhje me riciklimin e pjes\u00ebve elektronike dhe katalit\u00ebve. Ju mir\u00ebpresim t\u00eb na kontaktoni p\u00ebr informacione t\u00eb m\u00ebtejshme apo p\u00ebr t\u00eb diskutuar nevojat tuaja. Durr\u00ebs Rruga Fllake, Durr\u00ebs, Shqip\u00ebri +355 52 902 060 info@agremarketing.al\" \/>\n<meta property=\"og:url\" content=\"https:\/\/agremarketing.al\/en\/kontakti\/\" \/>\n<meta property=\"og:site_name\" content=\"AG Remarketing\" \/>\n<meta property=\"article:modified_time\" content=\"2024-12-21T17:00:43+00:00\" \/>\n<meta name=\"twitter:card\" content=\"summary_large_image\" \/>\n<script type=\"application\/ld+json\" class=\"yoast-schema-graph\">{\"@context\":\"https:\\\/\\\/schema.org\",\"@graph\":[{\"@type\":\"WebPage\",\"@id\":\"https:\\\/\\\/agremarketing.al\\\/kontakti\\\/\",\"url\":\"https:\\\/\\\/agremarketing.al\\\/kontakti\\\/\",\"name\":\"Kontakti - AG Remarketing\",\"isPartOf\":{\"@id\":\"https:\\\/\\\/agremarketing.al\\\/#website\"},\"datePublished\":\"2023-02-10T14:44:27+00:00\",\"dateModified\":\"2024-12-21T17:00:43+00:00\",\"breadcrumb\":{\"@id\":\"https:\\\/\\\/agremarketing.al\\\/kontakti\\\/#breadcrumb\"},\"inLanguage\":\"en-US\",\"potentialAction\":[{\"@type\":\"ReadAction\",\"target\":[\"https:\\\/\\\/agremarketing.al\\\/kontakti\\\/\"]}]},{\"@type\":\"BreadcrumbList\",\"@id\":\"https:\\\/\\\/agremarketing.al\\\/kontakti\\\/#breadcrumb\",\"itemListElement\":[{\"@type\":\"ListItem\",\"position\":1,\"name\":\"Home\",\"item\":\"https:\\\/\\\/agremarketing.al\\\/\"},{\"@type\":\"ListItem\",\"position\":2,\"name\":\"Kontakti\"}]},{\"@type\":\"WebSite\",\"@id\":\"https:\\\/\\\/agremarketing.al\\\/#website\",\"url\":\"https:\\\/\\\/agremarketing.al\\\/\",\"name\":\"AG Remarketing\",\"description\":\"Planifikim Afatgjat\u00eb p\u00ebr nj\u00eb Mjedis t\u00eb Past\u00ebr\",\"publisher\":{\"@id\":\"https:\\\/\\\/agremarketing.al\\\/#organization\"},\"potentialAction\":[{\"@type\":\"SearchAction\",\"target\":{\"@type\":\"EntryPoint\",\"urlTemplate\":\"https:\\\/\\\/agremarketing.al\\\/?s={search_term_string}\"},\"query-input\":{\"@type\":\"PropertyValueSpecification\",\"valueRequired\":true,\"valueName\":\"search_term_string\"}}],\"inLanguage\":\"en-US\"},{\"@type\":\"Organization\",\"@id\":\"https:\\\/\\\/agremarketing.al\\\/#organization\",\"name\":\"AG Remarketing\",\"url\":\"https:\\\/\\\/agremarketing.al\\\/\",\"logo\":{\"@type\":\"ImageObject\",\"inLanguage\":\"en-US\",\"@id\":\"https:\\\/\\\/agremarketing.al\\\/#\\\/schema\\\/logo\\\/image\\\/\",\"url\":\"https:\\\/\\\/agremarketing.al\\\/wp-content\\\/uploads\\\/2024\\\/12\\\/AG-Recycling-New.png\",\"contentUrl\":\"https:\\\/\\\/agremarketing.al\\\/wp-content\\\/uploads\\\/2024\\\/12\\\/AG-Recycling-New.png\",\"width\":1000,\"height\":300,\"caption\":\"AG Remarketing\"},\"image\":{\"@id\":\"https:\\\/\\\/agremarketing.al\\\/#\\\/schema\\\/logo\\\/image\\\/\"}}]}<\/script>\n<!-- \/ Yoast SEO plugin. -->","yoast_head_json":{"title":"Kontakti - AG Remarketing","robots":{"index":"index","follow":"follow","max-snippet":"max-snippet:-1","max-image-preview":"max-image-preview:large","max-video-preview":"max-video-preview:-1"},"canonical":"https:\/\/agremarketing.al\/en\/kontakti\/","og_locale":"en_US","og_type":"article","og_title":"Kontakti - AG Remarketing","og_description":"Na Kontaktoni AG Remarketing \u00ebsht\u00eb k\u00ebtu p\u00ebr t\u00eb ndihmuar me \u00e7do pyetje q\u00eb keni n\u00eb lidhje me riciklimin e pjes\u00ebve elektronike dhe katalit\u00ebve. Ju mir\u00ebpresim t\u00eb na kontaktoni p\u00ebr informacione t\u00eb m\u00ebtejshme apo p\u00ebr t\u00eb diskutuar nevojat tuaja. Durr\u00ebs Rruga Fllake, Durr\u00ebs, Shqip\u00ebri +355 52 902 060 info@agremarketing.al","og_url":"https:\/\/agremarketing.al\/en\/kontakti\/","og_site_name":"AG Remarketing","article_modified_time":"2024-12-21T17:00:43+00:00","twitter_card":"summary_large_image","schema":{"@context":"https:\/\/schema.org","@graph":[{"@type":"WebPage","@id":"https:\/\/agremarketing.al\/kontakti\/","url":"https:\/\/agremarketing.al\/kontakti\/","name":"Kontakti - AG Remarketing","isPartOf":{"@id":"https:\/\/agremarketing.al\/#website"},"datePublished":"2023-02-10T14:44:27+00:00","dateModified":"2024-12-21T17:00:43+00:00","breadcrumb":{"@id":"https:\/\/agremarketing.al\/kontakti\/#breadcrumb"},"inLanguage":"en-US","potentialAction":[{"@type":"ReadAction","target":["https:\/\/agremarketing.al\/kontakti\/"]}]},{"@type":"BreadcrumbList","@id":"https:\/\/agremarketing.al\/kontakti\/#breadcrumb","itemListElement":[{"@type":"ListItem","position":1,"name":"Home","item":"https:\/\/agremarketing.al\/"},{"@type":"ListItem","position":2,"name":"Kontakti"}]},{"@type":"WebSite","@id":"https:\/\/agremarketing.al\/#website","url":"https:\/\/agremarketing.al\/","name":"AG Remarketing","description":"Long Term Planning for a Clean Environment","publisher":{"@id":"https:\/\/agremarketing.al\/#organization"},"potentialAction":[{"@type":"SearchAction","target":{"@type":"EntryPoint","urlTemplate":"https:\/\/agremarketing.al\/?s={search_term_string}"},"query-input":{"@type":"PropertyValueSpecification","valueRequired":true,"valueName":"search_term_string"}}],"inLanguage":"en-US"},{"@type":"Organization","@id":"https:\/\/agremarketing.al\/#organization","name":"AG Remarketing","url":"https:\/\/agremarketing.al\/","logo":{"@type":"ImageObject","inLanguage":"en-US","@id":"https:\/\/agremarketing.al\/#\/schema\/logo\/image\/","url":"https:\/\/agremarketing.al\/wp-content\/uploads\/2024\/12\/AG-Recycling-New.png","contentUrl":"https:\/\/agremarketing.al\/wp-content\/uploads\/2024\/12\/AG-Recycling-New.png","width":1000,"height":300,"caption":"AG Remarketing"},"image":{"@id":"https:\/\/agremarketing.al\/#\/schema\/logo\/image\/"}}]}},"_links":{"self":[{"href":"https:\/\/agremarketing.al\/en\/wp-json\/wp\/v2\/pages\/6873","targetHints":{"allow":["GET"]}}],"collection":[{"href":"https:\/\/agremarketing.al\/en\/wp-json\/wp\/v2\/pages"}],"about":[{"href":"https:\/\/agremarketing.al\/en\/wp-json\/wp\/v2\/types\/page"}],"author":[{"embeddable":true,"href":"https:\/\/agremarketing.al\/en\/wp-json\/wp\/v2\/users\/1"}],"replies":[{"embeddable":true,"href":"https:\/\/agremarketing.al\/en\/wp-json\/wp\/v2\/comments?post=6873"}],"version-history":[{"count":26,"href":"https:\/\/agremarketing.al\/en\/wp-json\/wp\/v2\/pages\/6873\/revisions"}],"predecessor-version":[{"id":11519,"href":"https:\/\/agremarketing.al\/en\/wp-json\/wp\/v2\/pages\/6873\/revisions\/11519"}],"wp:attachment":[{"href":"https:\/\/agremarketing.al\/en\/wp-json\/wp\/v2\/media?parent=6873"}],"curies":[{"name":"wp","href":"https:\/\/api.w.org\/{rel}","templated":true}]}}