{"id":6974,"date":"2023-02-10T15:54:26","date_gmt":"2023-02-10T15:54:26","guid":{"rendered":"https:\/\/leroux.qodeinteractive.com\/?page_id=6974"},"modified":"2024-12-21T16:48:16","modified_gmt":"2024-12-21T16:48:16","slug":"katalite","status":"publish","type":"page","link":"https:\/\/agremarketing.al\/en\/sherbimet\/katalite\/","title":{"rendered":"Recycling of Catalytic Converters"},"content":{"rendered":"<div data-elementor-type=\"wp-page\" data-elementor-id=\"6974\" class=\"elementor elementor-6974\">\n\t\t\t\t\t\t<section class=\"elementor-section elementor-top-section elementor-element elementor-element-19839d2 elementor-section-full_width elementor-section-height-min-height elementor-section-height-default elementor-section-items-middle\" data-id=\"19839d2\" data-element_type=\"section\" data-e-type=\"section\" data-settings=\"{&quot;background_background&quot;:&quot;classic&quot;}\">\n\t\t\t\t\t\t<div class=\"elementor-container elementor-column-gap-no\">\n\t\t\t\t\t<div class=\"elementor-column elementor-col-100 elementor-top-column elementor-element elementor-element-9fa3f9d\" data-id=\"9fa3f9d\" data-element_type=\"column\" data-e-type=\"column\">\n\t\t\t<div class=\"elementor-widget-wrap\">\n\t\t\t\t\t\t\t<\/div>\n\t\t<\/div>\n\t\t\t\t\t<\/div>\n\t\t<\/section>\n\t\t\t\t<section class=\"elementor-section elementor-top-section elementor-element elementor-element-ea96cfb elementor-section-full_width elementor-section-height-default elementor-section-height-default\" data-id=\"ea96cfb\" data-element_type=\"section\" data-e-type=\"section\">\n\t\t\t\t\t\t<div class=\"elementor-container elementor-column-gap-no\">\n\t\t\t\t\t<div class=\"elementor-column elementor-col-50 elementor-top-column elementor-element elementor-element-c0edd84\" data-id=\"c0edd84\" data-element_type=\"column\" data-e-type=\"column\" data-settings=\"{&quot;background_background&quot;:&quot;classic&quot;}\">\n\t\t\t<div class=\"elementor-widget-wrap elementor-element-populated\">\n\t\t\t\t\t\t<section class=\"elementor-section elementor-inner-section elementor-element elementor-element-a086bc3 elementor-section-full_width elementor-section-height-default elementor-section-height-default\" data-id=\"a086bc3\" data-element_type=\"section\" data-e-type=\"section\">\n\t\t\t\t\t\t<div class=\"elementor-container elementor-column-gap-no\">\n\t\t\t\t\t<div class=\"elementor-column elementor-col-100 elementor-inner-column elementor-element elementor-element-290f8c0\" data-id=\"290f8c0\" data-element_type=\"column\" data-e-type=\"column\">\n\t\t\t<div class=\"elementor-widget-wrap elementor-element-populated\">\n\t\t\t\t\t\t<div class=\"elementor-element elementor-element-4a6a229 elementor-widget elementor-widget-leroux_core_section_title\" data-id=\"4a6a229\" data-element_type=\"widget\" data-e-type=\"widget\" data-widget_type=\"leroux_core_section_title.default\">\n\t\t\t\t<div class=\"elementor-widget-container\">\n\t\t\t\t\t<div class=\"qodef-shortcode qodef-m  qodef-section-title qodef-alignment--left qodef-title-break--disabled\">\n\t\t<h2 class=\"qodef-m-title\" >\n\t\t\t\t\tRecycling of Catalytic Converters\t\t\t<\/h2>\n\t\t<p class=\"qodef-m-text\" >High Quality Processing for Maximum Recovery<\/p>\n<\/div>\n\t\t\t\t<\/div>\n\t\t\t\t<\/div>\n\t\t\t\t<div class=\"elementor-element elementor-element-1276640 elementor-widget elementor-widget-text-editor\" data-id=\"1276640\" data-element_type=\"widget\" data-e-type=\"widget\" data-widget_type=\"text-editor.default\">\n\t\t\t\t<div class=\"elementor-widget-container\">\n\t\t\t\t\t\t\t\t\t<p>AG Remarketing is dedicated to recovering rare and precious metals from used catalysts, which contain high-value substances such as platinum, palladium and rhodium. Every day, the material begins the process by collecting and inspecting ceramic and metal catalysts from various partners and industry sectors. The catalysts are sorted to be optimally treated and to obtain the largest amount of recyclable metals, while at the same time reducing environmentally harmful waste.<\/p>\t\t\t\t\t\t\t\t<\/div>\n\t\t\t\t<\/div>\n\t\t\t\t\t<\/div>\n\t\t<\/div>\n\t\t\t\t\t<\/div>\n\t\t<\/section>\n\t\t\t\t<div class=\"elementor-element elementor-element-bca3cc7 elementor-widget__width-auto elementor-widget elementor-widget-leroux_core_single_image\" data-id=\"bca3cc7\" data-element_type=\"widget\" data-e-type=\"widget\" data-widget_type=\"leroux_core_single_image.default\">\n\t\t\t\t<div class=\"elementor-widget-container\">\n\t\t\t\t\t<div class=\"qodef-shortcode qodef-m  qodef-single-image qodef-layout--default\">\n\t\t\t<div class=\"qodef-m-image\">\n\t\t\t\t\t\t\t\t<img fetchpriority=\"high\" decoding=\"async\" width=\"1920\" height=\"1280\" src=\"https:\/\/agremarketing.al\/wp-content\/uploads\/2024\/11\/1-2.png\" class=\"attachment-full size-full\" alt=\"\" srcset=\"https:\/\/agremarketing.al\/wp-content\/uploads\/2024\/11\/1-2.png 1920w, https:\/\/agremarketing.al\/wp-content\/uploads\/2024\/11\/1-2-300x200.png 300w, https:\/\/agremarketing.al\/wp-content\/uploads\/2024\/11\/1-2-1024x683.png 1024w, https:\/\/agremarketing.al\/wp-content\/uploads\/2024\/11\/1-2-768x512.png 768w, https:\/\/agremarketing.al\/wp-content\/uploads\/2024\/11\/1-2-1536x1024.png 1536w, https:\/\/agremarketing.al\/wp-content\/uploads\/2024\/11\/1-2-18x12.png 18w\" sizes=\"(max-width: 1920px) 100vw, 1920px\" \/>\t\t\t\t\t\t\t<\/div>\n\t<\/div>\n\t\t\t\t<\/div>\n\t\t\t\t<\/div>\n\t\t\t\t\t<\/div>\n\t\t<\/div>\n\t\t\t\t<div class=\"elementor-column elementor-col-50 elementor-top-column elementor-element elementor-element-6875b00\" data-id=\"6875b00\" data-element_type=\"column\" data-e-type=\"column\">\n\t\t\t<div class=\"elementor-widget-wrap elementor-element-populated\">\n\t\t\t\t\t\t<div class=\"elementor-element elementor-element-b88e387 elementor-widget__width-auto elementor-widget elementor-widget-leroux_core_single_image\" data-id=\"b88e387\" data-element_type=\"widget\" data-e-type=\"widget\" data-widget_type=\"leroux_core_single_image.default\">\n\t\t\t\t<div class=\"elementor-widget-container\">\n\t\t\t\t\t<div class=\"qodef-shortcode qodef-m  qodef-single-image qodef-layout--default\">\n\t\t\t<div class=\"qodef-m-image\">\n\t\t\t\t\t\t\t\t<img decoding=\"async\" width=\"1920\" height=\"1280\" src=\"https:\/\/agremarketing.al\/wp-content\/uploads\/2024\/11\/2-2.png\" class=\"attachment-full size-full\" alt=\"\" srcset=\"https:\/\/agremarketing.al\/wp-content\/uploads\/2024\/11\/2-2.png 1920w, https:\/\/agremarketing.al\/wp-content\/uploads\/2024\/11\/2-2-300x200.png 300w, https:\/\/agremarketing.al\/wp-content\/uploads\/2024\/11\/2-2-1024x683.png 1024w, https:\/\/agremarketing.al\/wp-content\/uploads\/2024\/11\/2-2-768x512.png 768w, https:\/\/agremarketing.al\/wp-content\/uploads\/2024\/11\/2-2-1536x1024.png 1536w, https:\/\/agremarketing.al\/wp-content\/uploads\/2024\/11\/2-2-18x12.png 18w\" sizes=\"(max-width: 1920px) 100vw, 1920px\" \/>\t\t\t\t\t\t\t<\/div>\n\t<\/div>\n\t\t\t\t<\/div>\n\t\t\t\t<\/div>\n\t\t\t\t<div class=\"elementor-element elementor-element-feaf2c6 elementor-widget__width-initial elementor-widget elementor-widget-text-editor\" data-id=\"feaf2c6\" data-element_type=\"widget\" data-e-type=\"widget\" data-widget_type=\"text-editor.default\">\n\t\t\t\t<div class=\"elementor-widget-container\">\n\t\t\t\t\t\t\t\t\t<p style=\"text-align: center;\">After selection, the ceramic and metal substrates are separated and processed with advanced technologies designed to ensure a high recovery of precious metals. The process is carried out under controlled conditions to ensure that the materials do not lose their quality and to maximize the value that can be recovered. This sustainable approach not only improves the life cycle of materials, but also contributes to a circular economy and reduces the need for new resources from nature.<\/p>\t\t\t\t\t\t\t\t<\/div>\n\t\t\t\t<\/div>\n\t\t\t\t\t<\/div>\n\t\t<\/div>\n\t\t\t\t\t<\/div>\n\t\t<\/section>\n\t\t\t\t<section class=\"elementor-section elementor-top-section elementor-element elementor-element-a40f8b6 elementor-section-full_width qodef-elementor-content-grid qodef-extended-grid qodef-extended-grid--right qodef-extended-grid-disabled--1024 elementor-section-height-default elementor-section-height-default\" data-id=\"a40f8b6\" data-element_type=\"section\" data-e-type=\"section\" data-settings=\"{&quot;background_background&quot;:&quot;classic&quot;}\">\n\t\t\t\t\t\t<div class=\"elementor-container elementor-column-gap-no\">\n\t\t\t\t\t<div class=\"elementor-column elementor-col-50 elementor-top-column elementor-element elementor-element-7154113\" data-id=\"7154113\" data-element_type=\"column\" data-e-type=\"column\">\n\t\t\t<div class=\"elementor-widget-wrap elementor-element-populated\">\n\t\t\t\t\t\t<div class=\"elementor-element elementor-element-a8cbc8f elementor-widget elementor-widget-leroux_core_section_title\" data-id=\"a8cbc8f\" data-element_type=\"widget\" data-e-type=\"widget\" data-widget_type=\"leroux_core_section_title.default\">\n\t\t\t\t<div class=\"elementor-widget-container\">\n\t\t\t\t\t<div class=\"qodef-shortcode qodef-m  qodef-section-title qodef-alignment--left qodef-title-break--disabled\">\n\t\t<h2 class=\"qodef-m-title translation-block\" >Standard in <span class=\"qodef-special-style\">Quality<\/span><br> and <span class=\"qodef-special-style\">Security<\/span><\/h2>\n\t<\/div>\n\t\t\t\t<\/div>\n\t\t\t\t<\/div>\n\t\t\t\t<div class=\"elementor-element elementor-element-c97034d elementor-widget__width-initial elementor-widget elementor-widget-text-editor\" data-id=\"c97034d\" data-element_type=\"widget\" data-e-type=\"widget\" data-widget_type=\"text-editor.default\">\n\t\t\t\t<div class=\"elementor-widget-container\">\n\t\t\t\t\t\t\t\t\t<p>Furthermore, AG Remarketing maintains a high standard of transparency and safety during the catalyst handling process. The team is dedicated to following the best safety protocols and meeting all environmental and regulatory requirements. This unwavering commitment to social and environmental responsibility is a core part of the company\u2019s values, strengthening the trust of partners and providing a reliable and sustainable service.<\/p>\t\t\t\t\t\t\t\t<\/div>\n\t\t\t\t<\/div>\n\t\t\t\t\t<\/div>\n\t\t<\/div>\n\t\t\t\t<div class=\"elementor-column elementor-col-50 elementor-top-column elementor-element elementor-element-fd30aba\" data-id=\"fd30aba\" data-element_type=\"column\" data-e-type=\"column\">\n\t\t\t<div class=\"elementor-widget-wrap elementor-element-populated\">\n\t\t\t\t\t\t<div class=\"elementor-element elementor-element-3041dd7 elementor-widget__width-auto elementor-widget elementor-widget-leroux_core_single_image\" data-id=\"3041dd7\" data-element_type=\"widget\" data-e-type=\"widget\" data-widget_type=\"leroux_core_single_image.default\">\n\t\t\t\t<div class=\"elementor-widget-container\">\n\t\t\t\t\t<div class=\"qodef-shortcode qodef-m  qodef-single-image qodef-layout--default\">\n\t\t\t<div class=\"qodef-m-image\">\n\t\t\t\t\t\t\t\t<img decoding=\"async\" width=\"1920\" height=\"1280\" src=\"https:\/\/agremarketing.al\/wp-content\/uploads\/2024\/11\/3-2.png\" class=\"attachment-full size-full\" alt=\"\" srcset=\"https:\/\/agremarketing.al\/wp-content\/uploads\/2024\/11\/3-2.png 1920w, https:\/\/agremarketing.al\/wp-content\/uploads\/2024\/11\/3-2-300x200.png 300w, https:\/\/agremarketing.al\/wp-content\/uploads\/2024\/11\/3-2-1024x683.png 1024w, https:\/\/agremarketing.al\/wp-content\/uploads\/2024\/11\/3-2-768x512.png 768w, https:\/\/agremarketing.al\/wp-content\/uploads\/2024\/11\/3-2-1536x1024.png 1536w, https:\/\/agremarketing.al\/wp-content\/uploads\/2024\/11\/3-2-18x12.png 18w\" sizes=\"(max-width: 1920px) 100vw, 1920px\" \/>\t\t\t\t\t\t\t<\/div>\n\t<\/div>\n\t\t\t\t<\/div>\n\t\t\t\t<\/div>\n\t\t\t\t\t<\/div>\n\t\t<\/div>\n\t\t\t\t\t<\/div>\n\t\t<\/section>\n\t\t\t\t<\/div>","protected":false},"excerpt":{"rendered":"<p>Riciklimi i Katalit\u00ebve P\u00ebrpunim i Lart\u00eb Cil\u00ebsie p\u00ebr Rikuperim Maksimal AG Remarketing \u00ebsht\u00eb i p\u00ebrkushtuar p\u00ebr rikuperimin e metaleve t\u00eb rralla dhe t\u00eb \u00e7muara nga katalit\u00ebt e p\u00ebrdorur, t\u00eb cil\u00ebt p\u00ebrmbajn\u00eb substanca me vler\u00eb t\u00eb lart\u00eb si platini, palladiumi dhe rodiumi. \u00c7do dit\u00eb, materiali fillon procesin me mbledhjen dhe inspektimin e katalit\u00ebve qeramik\u00eb dhe metalik\u00eb [&hellip;]<\/p>\n","protected":false},"author":1,"featured_media":0,"parent":6474,"menu_order":0,"comment_status":"closed","ping_status":"closed","template":"page-full-width.php","meta":{"footnotes":""},"class_list":["post-6974","page","type-page","status-publish","hentry"],"yoast_head":"<!-- This site is optimized with the Yoast SEO plugin v27.3 - https:\/\/yoast.com\/product\/yoast-seo-wordpress\/ -->\n<title>Riciklimi i Katalit\u00ebve - AG Remarketing<\/title>\n<meta name=\"robots\" content=\"index, follow, max-snippet:-1, max-image-preview:large, max-video-preview:-1\" \/>\n<link rel=\"canonical\" href=\"https:\/\/agremarketing.al\/en\/sherbimet\/katalite\/\" \/>\n<meta property=\"og:locale\" content=\"en_US\" \/>\n<meta property=\"og:type\" content=\"article\" \/>\n<meta property=\"og:title\" content=\"Riciklimi i Katalit\u00ebve - AG Remarketing\" \/>\n<meta property=\"og:description\" content=\"Riciklimi i Katalit\u00ebve P\u00ebrpunim i Lart\u00eb Cil\u00ebsie p\u00ebr Rikuperim Maksimal AG Remarketing \u00ebsht\u00eb i p\u00ebrkushtuar p\u00ebr rikuperimin e metaleve t\u00eb rralla dhe t\u00eb \u00e7muara nga katalit\u00ebt e p\u00ebrdorur, t\u00eb cil\u00ebt p\u00ebrmbajn\u00eb substanca me vler\u00eb t\u00eb lart\u00eb si platini, palladiumi dhe rodiumi. \u00c7do dit\u00eb, materiali fillon procesin me mbledhjen dhe inspektimin e katalit\u00ebve qeramik\u00eb dhe metalik\u00eb [&hellip;]\" \/>\n<meta property=\"og:url\" content=\"https:\/\/agremarketing.al\/en\/sherbimet\/katalite\/\" \/>\n<meta property=\"og:site_name\" content=\"AG Remarketing\" \/>\n<meta property=\"article:modified_time\" content=\"2024-12-21T16:48:16+00:00\" \/>\n<meta property=\"og:image\" content=\"https:\/\/agremarketing.al\/wp-content\/uploads\/2024\/11\/1-2.png\" \/>\n<meta name=\"twitter:card\" content=\"summary_large_image\" \/>\n<meta name=\"twitter:label1\" content=\"Est. reading time\" \/>\n\t<meta name=\"twitter:data1\" content=\"2 minutes\" \/>\n<script type=\"application\/ld+json\" class=\"yoast-schema-graph\">{\"@context\":\"https:\\\/\\\/schema.org\",\"@graph\":[{\"@type\":\"WebPage\",\"@id\":\"https:\\\/\\\/agremarketing.al\\\/sherbimet\\\/katalite\\\/\",\"url\":\"https:\\\/\\\/agremarketing.al\\\/sherbimet\\\/katalite\\\/\",\"name\":\"Riciklimi i Katalit\u00ebve - AG Remarketing\",\"isPartOf\":{\"@id\":\"https:\\\/\\\/agremarketing.al\\\/#website\"},\"primaryImageOfPage\":{\"@id\":\"https:\\\/\\\/agremarketing.al\\\/sherbimet\\\/katalite\\\/#primaryimage\"},\"image\":{\"@id\":\"https:\\\/\\\/agremarketing.al\\\/sherbimet\\\/katalite\\\/#primaryimage\"},\"thumbnailUrl\":\"https:\\\/\\\/agremarketing.al\\\/wp-content\\\/uploads\\\/2024\\\/11\\\/1-2.png\",\"datePublished\":\"2023-02-10T15:54:26+00:00\",\"dateModified\":\"2024-12-21T16:48:16+00:00\",\"breadcrumb\":{\"@id\":\"https:\\\/\\\/agremarketing.al\\\/sherbimet\\\/katalite\\\/#breadcrumb\"},\"inLanguage\":\"en-US\",\"potentialAction\":[{\"@type\":\"ReadAction\",\"target\":[\"https:\\\/\\\/agremarketing.al\\\/sherbimet\\\/katalite\\\/\"]}]},{\"@type\":\"ImageObject\",\"inLanguage\":\"en-US\",\"@id\":\"https:\\\/\\\/agremarketing.al\\\/sherbimet\\\/katalite\\\/#primaryimage\",\"url\":\"https:\\\/\\\/agremarketing.al\\\/wp-content\\\/uploads\\\/2024\\\/11\\\/1-2.png\",\"contentUrl\":\"https:\\\/\\\/agremarketing.al\\\/wp-content\\\/uploads\\\/2024\\\/11\\\/1-2.png\"},{\"@type\":\"BreadcrumbList\",\"@id\":\"https:\\\/\\\/agremarketing.al\\\/sherbimet\\\/katalite\\\/#breadcrumb\",\"itemListElement\":[{\"@type\":\"ListItem\",\"position\":1,\"name\":\"Home\",\"item\":\"https:\\\/\\\/agremarketing.al\\\/\"},{\"@type\":\"ListItem\",\"position\":2,\"name\":\"Sh\u00ebrbimet Tona\",\"item\":\"https:\\\/\\\/agremarketing.al\\\/sherbimet\\\/\"},{\"@type\":\"ListItem\",\"position\":3,\"name\":\"Riciklimi i Katalit\u00ebve\"}]},{\"@type\":\"WebSite\",\"@id\":\"https:\\\/\\\/agremarketing.al\\\/#website\",\"url\":\"https:\\\/\\\/agremarketing.al\\\/\",\"name\":\"AG Remarketing\",\"description\":\"Planifikim Afatgjat\u00eb p\u00ebr nj\u00eb Mjedis t\u00eb Past\u00ebr\",\"publisher\":{\"@id\":\"https:\\\/\\\/agremarketing.al\\\/#organization\"},\"potentialAction\":[{\"@type\":\"SearchAction\",\"target\":{\"@type\":\"EntryPoint\",\"urlTemplate\":\"https:\\\/\\\/agremarketing.al\\\/?s={search_term_string}\"},\"query-input\":{\"@type\":\"PropertyValueSpecification\",\"valueRequired\":true,\"valueName\":\"search_term_string\"}}],\"inLanguage\":\"en-US\"},{\"@type\":\"Organization\",\"@id\":\"https:\\\/\\\/agremarketing.al\\\/#organization\",\"name\":\"AG Remarketing\",\"url\":\"https:\\\/\\\/agremarketing.al\\\/\",\"logo\":{\"@type\":\"ImageObject\",\"inLanguage\":\"en-US\",\"@id\":\"https:\\\/\\\/agremarketing.al\\\/#\\\/schema\\\/logo\\\/image\\\/\",\"url\":\"https:\\\/\\\/agremarketing.al\\\/wp-content\\\/uploads\\\/2024\\\/12\\\/AG-Recycling-New.png\",\"contentUrl\":\"https:\\\/\\\/agremarketing.al\\\/wp-content\\\/uploads\\\/2024\\\/12\\\/AG-Recycling-New.png\",\"width\":1000,\"height\":300,\"caption\":\"AG Remarketing\"},\"image\":{\"@id\":\"https:\\\/\\\/agremarketing.al\\\/#\\\/schema\\\/logo\\\/image\\\/\"}}]}<\/script>\n<!-- \/ Yoast SEO plugin. -->","yoast_head_json":{"title":"Riciklimi i Katalit\u00ebve - AG Remarketing","robots":{"index":"index","follow":"follow","max-snippet":"max-snippet:-1","max-image-preview":"max-image-preview:large","max-video-preview":"max-video-preview:-1"},"canonical":"https:\/\/agremarketing.al\/en\/sherbimet\/katalite\/","og_locale":"en_US","og_type":"article","og_title":"Riciklimi i Katalit\u00ebve - AG Remarketing","og_description":"Riciklimi i Katalit\u00ebve P\u00ebrpunim i Lart\u00eb Cil\u00ebsie p\u00ebr Rikuperim Maksimal AG Remarketing \u00ebsht\u00eb i p\u00ebrkushtuar p\u00ebr rikuperimin e metaleve t\u00eb rralla dhe t\u00eb \u00e7muara nga katalit\u00ebt e p\u00ebrdorur, t\u00eb cil\u00ebt p\u00ebrmbajn\u00eb substanca me vler\u00eb t\u00eb lart\u00eb si platini, palladiumi dhe rodiumi. \u00c7do dit\u00eb, materiali fillon procesin me mbledhjen dhe inspektimin e katalit\u00ebve qeramik\u00eb dhe metalik\u00eb [&hellip;]","og_url":"https:\/\/agremarketing.al\/en\/sherbimet\/katalite\/","og_site_name":"AG Remarketing","article_modified_time":"2024-12-21T16:48:16+00:00","og_image":[{"url":"https:\/\/agremarketing.al\/wp-content\/uploads\/2024\/11\/1-2.png","type":"","width":"","height":""}],"twitter_card":"summary_large_image","twitter_misc":{"Est. reading time":"2 minutes"},"schema":{"@context":"https:\/\/schema.org","@graph":[{"@type":"WebPage","@id":"https:\/\/agremarketing.al\/sherbimet\/katalite\/","url":"https:\/\/agremarketing.al\/sherbimet\/katalite\/","name":"Riciklimi i Katalit\u00ebve - AG Remarketing","isPartOf":{"@id":"https:\/\/agremarketing.al\/#website"},"primaryImageOfPage":{"@id":"https:\/\/agremarketing.al\/sherbimet\/katalite\/#primaryimage"},"image":{"@id":"https:\/\/agremarketing.al\/sherbimet\/katalite\/#primaryimage"},"thumbnailUrl":"https:\/\/agremarketing.al\/wp-content\/uploads\/2024\/11\/1-2.png","datePublished":"2023-02-10T15:54:26+00:00","dateModified":"2024-12-21T16:48:16+00:00","breadcrumb":{"@id":"https:\/\/agremarketing.al\/sherbimet\/katalite\/#breadcrumb"},"inLanguage":"en-US","potentialAction":[{"@type":"ReadAction","target":["https:\/\/agremarketing.al\/sherbimet\/katalite\/"]}]},{"@type":"ImageObject","inLanguage":"en-US","@id":"https:\/\/agremarketing.al\/sherbimet\/katalite\/#primaryimage","url":"https:\/\/agremarketing.al\/wp-content\/uploads\/2024\/11\/1-2.png","contentUrl":"https:\/\/agremarketing.al\/wp-content\/uploads\/2024\/11\/1-2.png"},{"@type":"BreadcrumbList","@id":"https:\/\/agremarketing.al\/sherbimet\/katalite\/#breadcrumb","itemListElement":[{"@type":"ListItem","position":1,"name":"Home","item":"https:\/\/agremarketing.al\/"},{"@type":"ListItem","position":2,"name":"Sh\u00ebrbimet Tona","item":"https:\/\/agremarketing.al\/sherbimet\/"},{"@type":"ListItem","position":3,"name":"Riciklimi i Katalit\u00ebve"}]},{"@type":"WebSite","@id":"https:\/\/agremarketing.al\/#website","url":"https:\/\/agremarketing.al\/","name":"AG Remarketing","description":"Long Term Planning for a Clean Environment","publisher":{"@id":"https:\/\/agremarketing.al\/#organization"},"potentialAction":[{"@type":"SearchAction","target":{"@type":"EntryPoint","urlTemplate":"https:\/\/agremarketing.al\/?s={search_term_string}"},"query-input":{"@type":"PropertyValueSpecification","valueRequired":true,"valueName":"search_term_string"}}],"inLanguage":"en-US"},{"@type":"Organization","@id":"https:\/\/agremarketing.al\/#organization","name":"AG Remarketing","url":"https:\/\/agremarketing.al\/","logo":{"@type":"ImageObject","inLanguage":"en-US","@id":"https:\/\/agremarketing.al\/#\/schema\/logo\/image\/","url":"https:\/\/agremarketing.al\/wp-content\/uploads\/2024\/12\/AG-Recycling-New.png","contentUrl":"https:\/\/agremarketing.al\/wp-content\/uploads\/2024\/12\/AG-Recycling-New.png","width":1000,"height":300,"caption":"AG Remarketing"},"image":{"@id":"https:\/\/agremarketing.al\/#\/schema\/logo\/image\/"}}]}},"_links":{"self":[{"href":"https:\/\/agremarketing.al\/en\/wp-json\/wp\/v2\/pages\/6974","targetHints":{"allow":["GET"]}}],"collection":[{"href":"https:\/\/agremarketing.al\/en\/wp-json\/wp\/v2\/pages"}],"about":[{"href":"https:\/\/agremarketing.al\/en\/wp-json\/wp\/v2\/types\/page"}],"author":[{"embeddable":true,"href":"https:\/\/agremarketing.al\/en\/wp-json\/wp\/v2\/users\/1"}],"replies":[{"embeddable":true,"href":"https:\/\/agremarketing.al\/en\/wp-json\/wp\/v2\/comments?post=6974"}],"version-history":[{"count":10,"href":"https:\/\/agremarketing.al\/en\/wp-json\/wp\/v2\/pages\/6974\/revisions"}],"predecessor-version":[{"id":11501,"href":"https:\/\/agremarketing.al\/en\/wp-json\/wp\/v2\/pages\/6974\/revisions\/11501"}],"up":[{"embeddable":true,"href":"https:\/\/agremarketing.al\/en\/wp-json\/wp\/v2\/pages\/6474"}],"wp:attachment":[{"href":"https:\/\/agremarketing.al\/en\/wp-json\/wp\/v2\/media?parent=6974"}],"curies":[{"name":"wp","href":"https:\/\/api.w.org\/{rel}","templated":true}]}}